{"id":16,"date":"2014-01-03T09:25:55","date_gmt":"2014-01-03T09:25:55","guid":{"rendered":"http:\/\/www.corovilladenavia.com\/noticias\/?page_id=16"},"modified":"2023-04-20T17:27:05","modified_gmt":"2023-04-20T17:27:05","slug":"contacto","status":"publish","type":"page","link":"https:\/\/www.corovilladenavia.com\/noticias\/contacto\/","title":{"rendered":"Contacto"},"content":{"rendered":"<p>Si quieres ponerte en contacto con nosotros, por favor, rellena el siguiente formulario. Cualquier duda, queja, pregunta o sugerencia, ser\u00e1 bien recibida.<\/p>\n<p>Tan pronto como nos sea posible nos pondremos en contacto contigo.<\/p>\n<p>Muchas gracias.<\/p>\n\n<div class=\"wpcf7 no-js\" id=\"wpcf7-f166-o1\" lang=\"es-ES\" dir=\"ltr\" data-wpcf7-id=\"166\">\n<div class=\"screen-reader-response\"><p role=\"status\" aria-live=\"polite\" aria-atomic=\"true\"><\/p> <ul><\/ul><\/div>\n<form action=\"\/noticias\/wp-json\/wp\/v2\/pages\/16#wpcf7-f166-o1\" method=\"post\" class=\"wpcf7-form init\" aria-label=\"Formulario de contacto\" novalidate=\"novalidate\" data-status=\"init\">\n<fieldset class=\"hidden-fields-container\"><input type=\"hidden\" name=\"_wpcf7\" value=\"166\" \/><input type=\"hidden\" name=\"_wpcf7_version\" value=\"6.1.5\" \/><input type=\"hidden\" name=\"_wpcf7_locale\" value=\"es_ES\" \/><input type=\"hidden\" name=\"_wpcf7_unit_tag\" value=\"wpcf7-f166-o1\" \/><input type=\"hidden\" name=\"_wpcf7_container_post\" value=\"0\" \/><input type=\"hidden\" name=\"_wpcf7_posted_data_hash\" value=\"\" \/>\n<\/fieldset>\n<p>Su nombre (requerido)\n<\/p>\n<p><span class=\"wpcf7-form-control-wrap\" data-name=\"your-name\"><input size=\"40\" maxlength=\"400\" class=\"wpcf7-form-control wpcf7-text wpcf7-validates-as-required\" aria-required=\"true\" aria-invalid=\"false\" value=\"\" type=\"text\" name=\"your-name\" \/><\/span>\n<\/p>\n<p>Su e-mail (requerido)\n<\/p>\n<p><span class=\"wpcf7-form-control-wrap\" data-name=\"your-email\"><input size=\"40\" maxlength=\"400\" class=\"wpcf7-form-control wpcf7-email wpcf7-validates-as-required wpcf7-text wpcf7-validates-as-email\" aria-required=\"true\" aria-invalid=\"false\" value=\"\" type=\"email\" name=\"your-email\" \/><\/span>\n<\/p>\n<p>Asunto\n<\/p>\n<p><span class=\"wpcf7-form-control-wrap\" data-name=\"your-subject\"><input size=\"40\" maxlength=\"400\" class=\"wpcf7-form-control wpcf7-text\" aria-invalid=\"false\" value=\"\" type=\"text\" name=\"your-subject\" \/><\/span>\n<\/p>\n<p>Su mensaje\n<\/p>\n<p><span class=\"wpcf7-form-control-wrap\" data-name=\"your-message\"><textarea cols=\"40\" rows=\"10\" maxlength=\"2000\" class=\"wpcf7-form-control wpcf7-textarea\" aria-invalid=\"false\" name=\"your-message\"><\/textarea><\/span>\n<\/p>\n<p><input class=\"wpcf7-form-control wpcf7-submit has-spinner\" type=\"submit\" value=\"Enviar\" \/>\n<\/p><div class=\"wpcf7-response-output\" aria-hidden=\"true\"><\/div>\n<\/form>\n<\/div>\n\n<p>Los datos facilitados mediante este formulario ser\u00e1n incorporados a un fichero cuya titularidad corresponde al Coro Villa de Navia con la \u00fanica finalidad de gestionar la comunicaci\u00f3n solicitada. Para ejercitar los derechos de acceso, rectificaci\u00f3n, cancelaci\u00f3n y oposici\u00f3n, se pueden dirigir por escrito al Coro Villa de Navia, Apartado de Correos 11, 33710 Navia.<\/p>\n\n\n<ul class=\"wp-block-social-links aligncenter has-icon-background-color has-icon-color is-style-default is-layout-flex wp-block-social-links-is-layout-flex\"><li style=\"background-color:#cd1d4c;\" class=\"wp-social-link wp-social-link-facebook  wp-block-social-link\"><a rel=\"noopener nofollow\" target=\"_blank\" href=\"https:\/\/www.facebook.com\/corovilladenavia\" class=\"wp-block-social-link-anchor\"><svg width=\"24\" height=\"24\" viewBox=\"0 0 24 24\" version=\"1.1\" xmlns=\"http:\/\/www.w3.org\/2000\/svg\" aria-hidden=\"true\" focusable=\"false\"><path d=\"M12 2C6.5 2 2 6.5 2 12c0 5 3.7 9.1 8.4 9.9v-7H7.9V12h2.5V9.8c0-2.5 1.5-3.9 3.8-3.9 1.1 0 2.2.2 2.2.2v2.5h-1.3c-1.2 0-1.6.8-1.6 1.6V12h2.8l-.4 2.9h-2.3v7C18.3 21.1 22 17 22 12c0-5.5-4.5-10-10-10z\"><\/path><\/svg><span class=\"wp-block-social-link-label screen-reader-text\">Facebook<\/span><\/a><\/li>\n\n<li style=\"background-color:#cd1d4c;\" class=\"wp-social-link wp-social-link-youtube  wp-block-social-link\"><a rel=\"noopener nofollow\" target=\"_blank\" href=\"https:\/\/www.youtube.com\/@CoroVilladeNavia\" class=\"wp-block-social-link-anchor\"><svg width=\"24\" height=\"24\" viewBox=\"0 0 24 24\" version=\"1.1\" xmlns=\"http:\/\/www.w3.org\/2000\/svg\" aria-hidden=\"true\" focusable=\"false\"><path d=\"M21.8,8.001c0,0-0.195-1.378-0.795-1.985c-0.76-0.797-1.613-0.801-2.004-0.847c-2.799-0.202-6.997-0.202-6.997-0.202 h-0.009c0,0-4.198,0-6.997,0.202C4.608,5.216,3.756,5.22,2.995,6.016C2.395,6.623,2.2,8.001,2.2,8.001S2,9.62,2,11.238v1.517 c0,1.618,0.2,3.237,0.2,3.237s0.195,1.378,0.795,1.985c0.761,0.797,1.76,0.771,2.205,0.855c1.6,0.153,6.8,0.201,6.8,0.201 s4.203-0.006,7.001-0.209c0.391-0.047,1.243-0.051,2.004-0.847c0.6-0.607,0.795-1.985,0.795-1.985s0.2-1.618,0.2-3.237v-1.517 C22,9.62,21.8,8.001,21.8,8.001z M9.935,14.594l-0.001-5.62l5.404,2.82L9.935,14.594z\"><\/path><\/svg><span class=\"wp-block-social-link-label screen-reader-text\">YouTube<\/span><\/a><\/li><\/ul>\n\n\n\n<div class=\"wp-block-group alignfull has-contrast-color has-text-color is-vertical is-content-justification-center is-layout-flex wp-container-core-group-is-layout-e33b1aca wp-block-group-is-layout-flex\" style=\"min-height:40vh;margin-top:0;margin-bottom:0;padding-top:var(--wp--preset--spacing--60);padding-right:var(--wp--preset--spacing--50);padding-bottom:var(--wp--preset--spacing--60);padding-left:var(--wp--preset--spacing--50)\"><div style=\"margin-bottom:6px;\" class=\"is-default-size aligncenter wp-block-site-logo\"><a href=\"https:\/\/www.corovilladenavia.com\/noticias\/\" class=\"custom-logo-link\" rel=\"home\"><img loading=\"lazy\" decoding=\"async\" width=\"512\" height=\"512\" src=\"https:\/\/www.corovilladenavia.com\/noticias\/wp-content\/uploads\/cropped-cropped-Logotipo-Coro-Villa-de-Navia-2022_peq.jpg\" class=\"custom-logo\" alt=\"Coro Villa de Navia\" srcset=\"https:\/\/www.corovilladenavia.com\/noticias\/wp-content\/uploads\/cropped-cropped-Logotipo-Coro-Villa-de-Navia-2022_peq.jpg 512w, https:\/\/www.corovilladenavia.com\/noticias\/wp-content\/uploads\/cropped-cropped-Logotipo-Coro-Villa-de-Navia-2022_peq-300x300.jpg 300w, https:\/\/www.corovilladenavia.com\/noticias\/wp-content\/uploads\/cropped-cropped-Logotipo-Coro-Villa-de-Navia-2022_peq-150x150.jpg 150w, https:\/\/www.corovilladenavia.com\/noticias\/wp-content\/uploads\/cropped-cropped-Logotipo-Coro-Villa-de-Navia-2022_peq-160x160.jpg 160w\" sizes=\"auto, (max-width: 512px) 100vw, 512px\" \/><\/a><\/div><\/div>\n","protected":false},"excerpt":{"rendered":"<p>Si quieres ponerte en contacto con nosotros, por favor, rellena el siguiente formulario. Cualquier duda, queja, pregunta o sugerencia, ser\u00e1 bien recibida. Tan pronto como nos sea posible nos pondremos en contacto contigo. Muchas gracias. Los datos facilitados mediante este formulario ser\u00e1n incorporados a un fichero cuya titularidad corresponde al Coro Villa de Navia con [&hellip;]<\/p>\n","protected":false},"author":1,"featured_media":0,"parent":0,"menu_order":0,"comment_status":"closed","ping_status":"closed","template":"","meta":{"_uag_custom_page_level_css":"","footnotes":""},"class_list":["post-16","page","type-page","status-publish","hentry"],"uagb_featured_image_src":{"full":false,"thumbnail":false,"medium":false,"medium_large":false,"large":false,"1536x1536":false,"2048x2048":false,"post-thumbnail":false,"twentytwenty-fullscreen":false},"uagb_author_info":{"display_name":"zalone","author_link":"https:\/\/www.corovilladenavia.com\/noticias\/author\/mediadvanced\/"},"uagb_comment_info":0,"uagb_excerpt":"Si quieres ponerte en contacto con nosotros, por favor, rellena el siguiente formulario. Cualquier duda, queja, pregunta o sugerencia, ser\u00e1 bien recibida. Tan pronto como nos sea posible nos pondremos en contacto contigo. Muchas gracias. Los datos facilitados mediante este formulario ser\u00e1n incorporados a un fichero cuya titularidad corresponde al Coro Villa de Navia con&hellip;","amp_enabled":true,"_links":{"self":[{"href":"https:\/\/www.corovilladenavia.com\/noticias\/wp-json\/wp\/v2\/pages\/16","targetHints":{"allow":["GET"]}}],"collection":[{"href":"https:\/\/www.corovilladenavia.com\/noticias\/wp-json\/wp\/v2\/pages"}],"about":[{"href":"https:\/\/www.corovilladenavia.com\/noticias\/wp-json\/wp\/v2\/types\/page"}],"author":[{"embeddable":true,"href":"https:\/\/www.corovilladenavia.com\/noticias\/wp-json\/wp\/v2\/users\/1"}],"replies":[{"embeddable":true,"href":"https:\/\/www.corovilladenavia.com\/noticias\/wp-json\/wp\/v2\/comments?post=16"}],"version-history":[{"count":7,"href":"https:\/\/www.corovilladenavia.com\/noticias\/wp-json\/wp\/v2\/pages\/16\/revisions"}],"predecessor-version":[{"id":779,"href":"https:\/\/www.corovilladenavia.com\/noticias\/wp-json\/wp\/v2\/pages\/16\/revisions\/779"}],"wp:attachment":[{"href":"https:\/\/www.corovilladenavia.com\/noticias\/wp-json\/wp\/v2\/media?parent=16"}],"curies":[{"name":"wp","href":"https:\/\/api.w.org\/{rel}","templated":true}]}}