{"id":12,"date":"2014-01-03T09:25:31","date_gmt":"2014-01-03T09:25:31","guid":{"rendered":"http:\/\/www.corovilladenavia.com\/noticias\/?page_id=12"},"modified":"2023-04-20T17:27:05","modified_gmt":"2023-04-20T17:27:05","slug":"discografia","status":"publish","type":"page","link":"https:\/\/www.corovilladenavia.com\/noticias\/discografia\/","title":{"rendered":"Discograf\u00eda"},"content":{"rendered":"\n<div class=\"wp-block-media-text alignwide is-stacked-on-mobile\" style=\"grid-template-columns:48% auto\"><figure class=\"wp-block-media-text__media\"><img loading=\"lazy\" decoding=\"async\" width=\"231\" height=\"206\" src=\"https:\/\/www.corovilladenavia.com\/noticias\/wp-content\/uploads\/disco_01_gr.jpg\" alt=\"\" class=\"wp-image-783 size-full\"\/><\/figure><div class=\"wp-block-media-text__content\">\n<p><strong>Asturias, Patria querida.<\/strong><br><strong>Agora non.<\/strong><br><strong>Cantar de mozos.<\/strong><br><strong>Fiesta en la aldea.<\/strong><br><strong>Vaqueira.<\/strong><br><strong>Himno de La Barca.<\/strong><br><strong>Maite.<\/strong><br><strong>Joven\u00edvola.<\/strong><br><strong>Mi madre fue una mulata.<\/strong><br><strong>Peregrino en la noche.<\/strong><br><strong>Era una flor.<\/strong><\/p>\n<\/div><\/div>\n\n\n\n<div class=\"wp-block-media-text alignwide is-stacked-on-mobile\" style=\"grid-template-columns:48% auto\"><figure class=\"wp-block-media-text__media\"><img loading=\"lazy\" decoding=\"async\" width=\"231\" height=\"206\" src=\"https:\/\/www.corovilladenavia.com\/noticias\/wp-content\/uploads\/disco_02_gr.jpg\" alt=\"\" class=\"wp-image-784 size-full\"\/><\/figure><div class=\"wp-block-media-text__content\">\n<p><strong>Agora non.<br>Bailes y danzas.<br>Canto al r\u00edo Navia.<br>Como la flor.<br>Du\u00e9rmete ni\u00f1o.<br>La raitana.<br>Las horas del reloj.<br>Las ruinas del monasterio.<br>Molinero.<br>Noche silenciosa.<br>Pastor que est\u00e1s en el monte.<br>Un ingl\u00e9s vino a Bilbao.<br>Va pensiero.<br>Vaqueira.<\/strong><\/p>\n<\/div><\/div>\n\n\n\n<div class=\"wp-block-media-text alignwide is-stacked-on-mobile\" style=\"grid-template-columns:48% auto\"><figure class=\"wp-block-media-text__media\"><img loading=\"lazy\" decoding=\"async\" width=\"231\" height=\"206\" src=\"https:\/\/www.corovilladenavia.com\/noticias\/wp-content\/uploads\/disco_03_gr.jpg\" alt=\"\" class=\"wp-image-785 size-full\"\/><\/figure><div class=\"wp-block-media-text__content\">\n<p><strong>Marinero, marinero.<br>La paloma.<br>Mocina dame un bes\u00edn.<br>D\u00eda de fiesta.<br>Atardecer.<br>Bengolea.<br>Salve rociera.<br>Habanera salada.<br>Carretera de Avil\u00e9s.<br>Destinos.<br>Noche de prata.<br>\u00a1Boga! \u00a1boga!.<br>Gij\u00f3n del alma.<br>Peregrino de la noche.<br>Ax\u00fantabense.<br>Salve marinera.<\/strong><\/p>\n<\/div><\/div>\n\n\n\n<div class=\"wp-block-media-text alignwide is-stacked-on-mobile\" style=\"grid-template-columns:48% auto\"><figure class=\"wp-block-media-text__media\"><img loading=\"lazy\" decoding=\"async\" width=\"231\" height=\"206\" src=\"https:\/\/www.corovilladenavia.com\/noticias\/wp-content\/uploads\/disco_04_gr.jpg\" alt=\"\" class=\"wp-image-786 size-full\"\/><\/figure><div class=\"wp-block-media-text__content\">\n<p><strong>Blanca Navidad.<br>Adeste fideles.<br>All\u00e1 en un pesebre.<br>Hacia Bel\u00e9n.<br>Junto a la cuna.<br>Ni\u00f1o Jes\u00fas.<br>Alegr\u00eda, amor y paz.<br>Oh, luz de Dios.<br>We wish you a merry Christmas.<br>Noche de Dios.<br>Himno de la Barca.<br>Panis angelicus.<br>Heilig.<br>Pan divino y gracioso.<br>Ave verum.<br>Sancta Mar\u00eda.<br>Gloria, gloria, aleluya.<\/strong><\/p>\n<\/div><\/div>\n","protected":false},"excerpt":{"rendered":"<p>Asturias, Patria querida.Agora non.Cantar de mozos.Fiesta en la aldea.Vaqueira.Himno de La Barca.Maite.Joven\u00edvola.Mi madre fue una mulata.Peregrino en la noche.Era una flor. Agora non.Bailes y danzas.Canto al r\u00edo Navia.Como la flor.Du\u00e9rmete ni\u00f1o.La raitana.Las horas del reloj.Las ruinas del monasterio.Molinero.Noche silenciosa.Pastor que est\u00e1s en el monte.Un ingl\u00e9s vino a Bilbao.Va pensiero.Vaqueira. Marinero, marinero.La paloma.Mocina dame un bes\u00edn.D\u00eda [&hellip;]<\/p>\n","protected":false},"author":1,"featured_media":0,"parent":0,"menu_order":0,"comment_status":"closed","ping_status":"closed","template":"","meta":{"_uag_custom_page_level_css":"","footnotes":""},"class_list":["post-12","page","type-page","status-publish","hentry"],"uagb_featured_image_src":{"full":false,"thumbnail":false,"medium":false,"medium_large":false,"large":false,"1536x1536":false,"2048x2048":false,"post-thumbnail":false,"twentytwenty-fullscreen":false},"uagb_author_info":{"display_name":"zalone","author_link":"https:\/\/www.corovilladenavia.com\/noticias\/author\/mediadvanced\/"},"uagb_comment_info":0,"uagb_excerpt":"Asturias, Patria querida.Agora non.Cantar de mozos.Fiesta en la aldea.Vaqueira.Himno de La Barca.Maite.Joven\u00edvola.Mi madre fue una mulata.Peregrino en la noche.Era una flor. Agora non.Bailes y danzas.Canto al r\u00edo Navia.Como la flor.Du\u00e9rmete ni\u00f1o.La raitana.Las horas del reloj.Las ruinas del monasterio.Molinero.Noche silenciosa.Pastor que est\u00e1s en el monte.Un ingl\u00e9s vino a Bilbao.Va pensiero.Vaqueira. Marinero, marinero.La paloma.Mocina dame un bes\u00edn.D\u00eda&hellip;","amp_enabled":true,"_links":{"self":[{"href":"https:\/\/www.corovilladenavia.com\/noticias\/wp-json\/wp\/v2\/pages\/12","targetHints":{"allow":["GET"]}}],"collection":[{"href":"https:\/\/www.corovilladenavia.com\/noticias\/wp-json\/wp\/v2\/pages"}],"about":[{"href":"https:\/\/www.corovilladenavia.com\/noticias\/wp-json\/wp\/v2\/types\/page"}],"author":[{"embeddable":true,"href":"https:\/\/www.corovilladenavia.com\/noticias\/wp-json\/wp\/v2\/users\/1"}],"replies":[{"embeddable":true,"href":"https:\/\/www.corovilladenavia.com\/noticias\/wp-json\/wp\/v2\/comments?post=12"}],"version-history":[{"count":20,"href":"https:\/\/www.corovilladenavia.com\/noticias\/wp-json\/wp\/v2\/pages\/12\/revisions"}],"predecessor-version":[{"id":788,"href":"https:\/\/www.corovilladenavia.com\/noticias\/wp-json\/wp\/v2\/pages\/12\/revisions\/788"}],"wp:attachment":[{"href":"https:\/\/www.corovilladenavia.com\/noticias\/wp-json\/wp\/v2\/media?parent=12"}],"curies":[{"name":"wp","href":"https:\/\/api.w.org\/{rel}","templated":true}]}}